{"id":286,"date":"2022-04-17T17:27:45","date_gmt":"2022-04-17T17:27:45","guid":{"rendered":"https:\/\/donar.alandalusia.org\/about\/"},"modified":"2025-03-08T14:44:59","modified_gmt":"2025-03-08T14:44:59","slug":"funds","status":"publish","type":"page","link":"https:\/\/donar.alandalusia.org\/fr\/funds\/","title":{"rendered":"Fonds"},"content":{"rendered":"<div data-elementor-type=\"wp-page\" data-elementor-id=\"286\" class=\"elementor elementor-286\" data-elementor-post-type=\"page\">\n\t\t\t\t\t\t<section data-particle_enable=\"false\" data-particle-mobile-disabled=\"false\" class=\"elementor-section elementor-top-section elementor-element elementor-element-76e3c67a elementor-section-full_width elementor-section-height-default elementor-section-height-default\" data-id=\"76e3c67a\" data-element_type=\"section\" data-e-type=\"section\">\n\t\t\t\t\t\t<div class=\"elementor-container elementor-column-gap-default\">\n\t\t\t\t\t<div class=\"elementor-column elementor-col-33 elementor-top-column elementor-element elementor-element-58121906 elementor-invisible\" data-id=\"58121906\" data-element_type=\"column\" data-e-type=\"column\" data-settings=\"{&quot;animation&quot;:&quot;fadeIn&quot;}\">\n\t\t\t<div class=\"elementor-widget-wrap elementor-element-populated\">\n\t\t\t\t\t\t<div class=\"elementor-element elementor-element-4a41bb50 elementor-widget elementor-widget-spacer\" data-id=\"4a41bb50\" data-element_type=\"widget\" data-e-type=\"widget\" data-widget_type=\"spacer.default\">\n\t\t\t\t<div class=\"elementor-widget-container\">\n\t\t\t\t\t\t\t<div class=\"elementor-spacer\">\n\t\t\t<div class=\"elementor-spacer-inner\"><\/div>\n\t\t<\/div>\n\t\t\t\t\t\t<\/div>\n\t\t\t\t<\/div>\n\t\t\t\t<div class=\"elementor-element elementor-element-299bf77 elementor-widget elementor-widget-heading\" data-id=\"299bf77\" data-element_type=\"widget\" data-e-type=\"widget\" data-widget_type=\"heading.default\">\n\t\t\t\t<div class=\"elementor-widget-container\">\n\t\t\t\t\t<h2 class=\"elementor-heading-title elementor-size-default\">Fonds<\/h2>\t\t\t\t<\/div>\n\t\t\t\t<\/div>\n\t\t\t\t<div class=\"elementor-element elementor-element-aed18cd elementor-widget elementor-widget-text-editor\" data-id=\"aed18cd\" data-element_type=\"widget\" data-e-type=\"widget\" data-widget_type=\"text-editor.default\">\n\t\t\t\t<div class=\"elementor-widget-container\">\n\t\t\t\t\t\t\t\t\t<p><b>\u00c0 QUELS FONDS LES DONS SONT-ILS AFFECT\u00c9S ?<\/b><\/p>\t\t\t\t\t\t\t\t<\/div>\n\t\t\t\t<\/div>\n\t\t\t\t<div class=\"elementor-element elementor-element-341a9766 elementor-widget elementor-widget-text-editor\" data-id=\"341a9766\" data-element_type=\"widget\" data-e-type=\"widget\" data-widget_type=\"text-editor.default\">\n\t\t\t\t<div class=\"elementor-widget-container\">\n\t\t\t\t\t\t\t\t\t<h6>FONDS G\u00c9N\u00c9RAL :<\/h6><p><span style=\"font-weight: 400;\">Ce fonds soutient directement nos objectifs, projets et programmes acad\u00e9miques et de dawah. C'est le fonds qui nous profite le plus, car il nous permet d'utiliser vos dons l\u00e0 o\u00f9 ils sont le plus n\u00e9cessaires. C'est \u00e0 partir de ce fonds que nous soutenons tous nos fonds et campagnes.<\/span><\/p><h6>Fonds Waqf :<\/h6><p><span style=\"font-weight: 400;\">Ce fonds est r\u00e9serv\u00e9 aux projets li\u00e9s \u00e0 l'expansion, \u00e0 la r\u00e9novation et \u00e0 l'entretien des installations. Gr\u00e2ce aux dons allou\u00e9s \u00e0 ce fonds, nous construisons actuellement l'Institut Al-Andalusia, la premi\u00e8re institution en Espagne qui forme des enseignants, des imams, des murshidas et des ulamas, en espagnol et en arabe.<\/span><\/p><h6>Fonds de bourses d'\u00e9tudes :<\/h6><p><span style=\"font-weight: 400;\">Ce fonds sert de base \u00e0 notre programme d'aide au m\u00e9rite. Les \u00e9tudiants \u00e9ligibles sur le plan acad\u00e9mique peuvent demander chaque ann\u00e9e des bourses partielles ou compl\u00e8tes, qui seront attribu\u00e9es en fonction de l'engagement de l'\u00e9tudiant et de ses notes.<\/span><\/p><p><span style=\"font-weight: 400;\">Actuellement, une ann\u00e9e d'\u00e9tudes co\u00fbte 490 euros pour un \u00e9tudiant de l'Institut. Nos bourses sont sp\u00e9cialement destin\u00e9es aux \u00e9tudiants et aux personnes vivant en Am\u00e9rique latine. Le co\u00fbt d'une ann\u00e9e d'\u00e9tudes \u00e0 l'Acad\u00e9mie est de 290 \u20ac. Cette somme est vers\u00e9e aux familles qui n'ont pas les moyens de payer les frais de scolarit\u00e9 de leurs enfants.<\/span><\/p><h6>Fonds de la Zakat :<\/h6><p>Ce fonds sert de base \u00e0 notre programme d'aide financi\u00e8re et est utilis\u00e9 pour couvrir le co\u00fbt total de l'\u00e9ducation d'un \u00e9tudiant \u00e9ligible \u00e0 la zakat.<\/p>\t\t\t\t\t\t\t\t<\/div>\n\t\t\t\t<\/div>\n\t\t\t\t\t<\/div>\n\t\t<\/div>\n\t\t\t\t<div class=\"elementor-column elementor-col-33 elementor-top-column elementor-element elementor-element-5e7cd41f elementor-hidden-tablet elementor-hidden-mobile\" data-id=\"5e7cd41f\" data-element_type=\"column\" data-e-type=\"column\">\n\t\t\t<div class=\"elementor-widget-wrap\">\n\t\t\t\t\t\t\t<\/div>\n\t\t<\/div>\n\t\t\t\t<div class=\"elementor-column elementor-col-33 elementor-top-column elementor-element elementor-element-6fd19be0 elementor-hidden-tablet elementor-hidden-mobile\" data-id=\"6fd19be0\" data-element_type=\"column\" data-e-type=\"column\">\n\t\t\t<div class=\"elementor-widget-wrap elementor-element-populated\">\n\t\t\t\t\t\t<div class=\"elementor-element elementor-element-7310edb0 elementor-widget elementor-widget-wp-widget-give_forms_widget\" data-id=\"7310edb0\" data-element_type=\"widget\" data-e-type=\"widget\" data-widget_type=\"wp-widget-give_forms_widget.default\">\n\t\t\t\t<div class=\"elementor-widget-container\">\n\t\t\t\t\t<div class=\"give-embed-form-wrapper\" id=\"give-69e73ecbb2c68\"><iframe\n\t\t\t\tname=\"give-embed-form\"\n\t\t\t\tsrc=\"https:\/\/donar.alandalusia.org\/fr\/go\/general-2?giveDonationFormInIframe=1\"\n\t\t\t\t\n\t\t\t\tdata-autoscroll=\"0\"\n\t\t\t\tonload=\"if( 'undefined' !== typeof Give ) { Give.initializeIframeResize(this) }\"\n\t\t\t\tstyle=\"border: 0;visibility: hidden;min-height: 645px;\"><\/iframe><div class=\"iframe-loader\">\n<div style=\"\t\theight: calc(100% - 28px);\t\twidth: calc(100% - 20px);\t\tmax-width: 552px;\t\tmargin: 10px auto 10px auto;\t\tbackground: transparent;\t\tborder-radius: 6px;\t\tdisplay: flex;\t\talign-items: center;\t\tjustify-content: center;\t\">\n    <div style=\"        pointer-events: none;        height: 90px;        width: 90px;        background-image: url(&quot;data:image\/svg+xml;charset=utf8,%3C?xml version='1.0' encoding='utf-8'?%3E%3C!-- Generator: Adobe Illustrator 24.1.0, SVG Export Plug-In . SVG Version: 6.00 Build 0) --%3E%3Csvg version='1.1' id='Layer_1' xmlns='http:\/\/www.w3.org\/2000\/svg' xmlns:xlink='http:\/\/www.w3.org\/1999\/xlink' x='0px' y='0px' viewBox='0 0 349 348' style='enable-background:new 0 0 349 348;' xml:space='preserve'%3E%3Cstyle type='text\/css'%3E .st0{fill:%23129276;} %3C\/style%3E%3Cpath class='st0' d='M25.1,204.57c-13.38,0-24.47-10.6-24.97-24.08C0.04,178.09,0,175.97,0,174C0,77.78,78.28-0.5,174.5-0.5 c13.81,0,25,11.19,25,25s-11.19,25-25,25C105.85,49.5,50,105.35,50,174c0,1.37,0.03,2.85,0.1,4.65c0.51,13.8-10.27,25.39-24.07,25.9 C25.72,204.56,25.41,204.57,25.1,204.57z'\/%3E%3Cpath class='st0' d='M174.5,348.5c-13.81,0-25-11.19-25-25c0-13.81,11.19-25,25-25c68.65,0,124.5-55.85,124.5-124.5 c0-1.38-0.03-2.85-0.1-4.65c-0.51-13.8,10.26-25.4,24.06-25.91c13.83-0.53,25.4,10.26,25.91,24.06c0.09,2.39,0.13,4.51,0.13,6.49 C349,270.22,270.72,348.5,174.5,348.5z'\/%3E%3C\/svg%3E&quot;);        animation: spin 0.6s linear infinite;        \"><\/div>\n<\/div>\n<\/div><\/div>\t\t\t\t<\/div>\n\t\t\t\t<\/div>\n\t\t\t\t\t<\/div>\n\t\t<\/div>\n\t\t\t\t\t<\/div>\n\t\t<\/section>\n\t\t\t\t<section data-particle_enable=\"false\" data-particle-mobile-disabled=\"false\" class=\"elementor-section elementor-top-section elementor-element elementor-element-54bdfc96 elementor-section-full_width elementor-hidden-desktop elementor-section-stretched elementor-section-height-default elementor-section-height-default\" data-id=\"54bdfc96\" data-element_type=\"section\" data-e-type=\"section\" id=\"paramoviltablet\" data-settings=\"{&quot;stretch_section&quot;:&quot;section-stretched&quot;}\">\n\t\t\t\t\t\t<div class=\"elementor-container elementor-column-gap-default\">\n\t\t\t\t\t<div class=\"elementor-column elementor-col-100 elementor-top-column elementor-element elementor-element-28a0eb07 elementor-invisible\" data-id=\"28a0eb07\" data-element_type=\"column\" data-e-type=\"column\" data-settings=\"{&quot;animation&quot;:&quot;fadeInUp&quot;}\">\n\t\t\t<div class=\"elementor-widget-wrap elementor-element-populated\">\n\t\t\t\t\t\t<div data-particle_enable=\"false\" data-particle-mobile-disabled=\"false\" class=\"elementor-section elementor-inner-section elementor-element elementor-element-96440d8 elementor-section-full_width elementor-section-height-default elementor-section-height-default\" data-id=\"96440d8\" data-element_type=\"section\" data-e-type=\"section\">\n\t\t\t\t\t\t<div class=\"elementor-container elementor-column-gap-narrow\">\n\t\t\t\t\t<div class=\"elementor-column elementor-col-100 elementor-inner-column elementor-element elementor-element-4b32885d\" data-id=\"4b32885d\" data-element_type=\"column\" data-e-type=\"column\">\n\t\t\t<div class=\"elementor-widget-wrap elementor-element-populated\">\n\t\t\t\t\t\t<div class=\"elementor-element elementor-element-36a32496 elementor-widget elementor-widget-wp-widget-give_forms_widget\" data-id=\"36a32496\" data-element_type=\"widget\" data-e-type=\"widget\" data-widget_type=\"wp-widget-give_forms_widget.default\">\n\t\t\t\t<div class=\"elementor-widget-container\">\n\t\t\t\t\t<div class=\"give-embed-form-wrapper\" id=\"give-69e73ecbb35da\"><iframe\n\t\t\t\tname=\"give-embed-form\"\n\t\t\t\tsrc=\"https:\/\/donar.alandalusia.org\/fr\/go\/general-2?giveDonationFormInIframe=1\"\n\t\t\t\t\n\t\t\t\tdata-autoscroll=\"0\"\n\t\t\t\tonload=\"if( 'undefined' !== typeof Give ) { Give.initializeIframeResize(this) }\"\n\t\t\t\tstyle=\"border: 0;visibility: hidden;min-height: 645px;\"><\/iframe><div class=\"iframe-loader\">\n<div style=\"\t\theight: calc(100% - 28px);\t\twidth: calc(100% - 20px);\t\tmax-width: 552px;\t\tmargin: 10px auto 10px auto;\t\tbackground: transparent;\t\tborder-radius: 6px;\t\tdisplay: flex;\t\talign-items: center;\t\tjustify-content: center;\t\">\n    <div style=\"        pointer-events: none;        height: 90px;        width: 90px;        background-image: url(&quot;data:image\/svg+xml;charset=utf8,%3C?xml version='1.0' encoding='utf-8'?%3E%3C!-- Generator: Adobe Illustrator 24.1.0, SVG Export Plug-In . SVG Version: 6.00 Build 0) --%3E%3Csvg version='1.1' id='Layer_1' xmlns='http:\/\/www.w3.org\/2000\/svg' xmlns:xlink='http:\/\/www.w3.org\/1999\/xlink' x='0px' y='0px' viewBox='0 0 349 348' style='enable-background:new 0 0 349 348;' xml:space='preserve'%3E%3Cstyle type='text\/css'%3E .st0{fill:%23129276;} %3C\/style%3E%3Cpath class='st0' d='M25.1,204.57c-13.38,0-24.47-10.6-24.97-24.08C0.04,178.09,0,175.97,0,174C0,77.78,78.28-0.5,174.5-0.5 c13.81,0,25,11.19,25,25s-11.19,25-25,25C105.85,49.5,50,105.35,50,174c0,1.37,0.03,2.85,0.1,4.65c0.51,13.8-10.27,25.39-24.07,25.9 C25.72,204.56,25.41,204.57,25.1,204.57z'\/%3E%3Cpath class='st0' d='M174.5,348.5c-13.81,0-25-11.19-25-25c0-13.81,11.19-25,25-25c68.65,0,124.5-55.85,124.5-124.5 c0-1.38-0.03-2.85-0.1-4.65c-0.51-13.8,10.26-25.4,24.06-25.91c13.83-0.53,25.4,10.26,25.91,24.06c0.09,2.39,0.13,4.51,0.13,6.49 C349,270.22,270.72,348.5,174.5,348.5z'\/%3E%3C\/svg%3E&quot;);        animation: spin 0.6s linear infinite;        \"><\/div>\n<\/div>\n<\/div><\/div>\t\t\t\t<\/div>\n\t\t\t\t<\/div>\n\t\t\t\t\t<\/div>\n\t\t<\/div>\n\t\t\t\t\t<\/div>\n\t\t<\/div>\n\t\t\t\t\t<\/div>\n\t\t<\/div>\n\t\t\t\t\t<\/div>\n\t\t<\/section>\n\t\t\t\t<section data-particle_enable=\"false\" data-particle-mobile-disabled=\"false\" class=\"elementor-section elementor-top-section elementor-element elementor-element-3de86f83 elementor-section-full_width elementor-section-height-min-height elementor-section-items-stretch elementor-section-content-middle elementor-section-height-default\" data-id=\"3de86f83\" data-element_type=\"section\" data-e-type=\"section\" data-settings=\"{&quot;background_background&quot;:&quot;classic&quot;}\">\n\t\t\t\t\t\t<div class=\"elementor-container elementor-column-gap-no\">\n\t\t\t\t\t<div class=\"elementor-column elementor-col-50 elementor-top-column elementor-element elementor-element-2cfb931f\" data-id=\"2cfb931f\" data-element_type=\"column\" data-e-type=\"column\">\n\t\t\t<div class=\"elementor-widget-wrap elementor-element-populated\">\n\t\t\t\t\t\t<div class=\"elementor-element elementor-element-3168b2fb elementor-widget elementor-widget-heading\" data-id=\"3168b2fb\" data-element_type=\"widget\" data-e-type=\"widget\" data-widget_type=\"heading.default\">\n\t\t\t\t<div class=\"elementor-widget-container\">\n\t\t\t\t\t<h2 class=\"elementor-heading-title elementor-size-default\"><a href=\"https:\/\/donar.alandalusia.org\/fr\/alandalusiafamily\/\">Famille Al-Andalusia<\/a><\/h2>\t\t\t\t<\/div>\n\t\t\t\t<\/div>\n\t\t\t\t<div class=\"elementor-element elementor-element-50ca441f elementor-widget elementor-widget-text-editor\" data-id=\"50ca441f\" data-element_type=\"widget\" data-e-type=\"widget\" data-widget_type=\"text-editor.default\">\n\t\t\t\t<div class=\"elementor-widget-container\">\n\t\t\t\t\t\t\t\t\t<p>En faisant partie de la famille Al-Andalusia, vous recevrez la r\u00e9compense de faire revivre le Din et la Sunnah de notre bien-aim\u00e9 Proph\u00e8te Muhammad, s, dans la vie de milliers de personnes. Vous participerez \u00e0 la formation d'enseignants, d'imams et d'ul\u00e9mas qui \u00e9duqueront et inspireront nos communaut\u00e9s. Vous participerez aux projets que nous menons pour renforcer notre communaut\u00e9, en promouvant l'enseignement sup\u00e9rieur, en r\u00e9solvant les doutes et en renfor\u00e7ant l'attrait de notre jeunesse et de notre communaut\u00e9 en g\u00e9n\u00e9ral.<\/p>\t\t\t\t\t\t\t\t<\/div>\n\t\t\t\t<\/div>\n\t\t\t\t<div class=\"elementor-element elementor-element-75b42147 elementor-align-left elementor-widget elementor-widget-button\" data-id=\"75b42147\" data-element_type=\"widget\" data-e-type=\"widget\" data-widget_type=\"button.default\">\n\t\t\t\t<div class=\"elementor-widget-container\">\n\t\t\t\t\t\t\t\t\t<div class=\"elementor-button-wrapper\">\n\t\t\t\t\t<a class=\"elementor-button elementor-button-link elementor-size-md\" href=\"https:\/\/donar.alandalusia.org\/fr\/familiaalandalusia\/\">\n\t\t\t\t\t\t<span class=\"elementor-button-content-wrapper\">\n\t\t\t\t\t\t\t\t\t<span class=\"elementor-button-text\">Rejoindre la famille<\/span>\n\t\t\t\t\t<\/span>\n\t\t\t\t\t<\/a>\n\t\t\t\t<\/div>\n\t\t\t\t\t\t\t\t<\/div>\n\t\t\t\t<\/div>\n\t\t\t\t\t<\/div>\n\t\t<\/div>\n\t\t\t\t<div class=\"elementor-column elementor-col-50 elementor-top-column elementor-element elementor-element-48bc58eb\" data-id=\"48bc58eb\" data-element_type=\"column\" data-e-type=\"column\" data-settings=\"{&quot;background_background&quot;:&quot;classic&quot;}\">\n\t\t\t<div class=\"elementor-widget-wrap elementor-element-populated\">\n\t\t\t\t\t\t<div class=\"elementor-element elementor-element-67246a68 elementor-widget elementor-widget-video\" data-id=\"67246a68\" data-element_type=\"widget\" data-e-type=\"widget\" data-settings=\"{&quot;youtube_url&quot;:&quot;https:\\\/\\\/youtu.be\\\/-fDOfzk4ikQ&quot;,&quot;autoplay&quot;:&quot;yes&quot;,&quot;play_on_mobile&quot;:&quot;yes&quot;,&quot;mute&quot;:&quot;yes&quot;,&quot;loop&quot;:&quot;yes&quot;,&quot;yt_privacy&quot;:&quot;yes&quot;,&quot;lazy_load&quot;:&quot;yes&quot;,&quot;video_type&quot;:&quot;youtube&quot;}\" data-widget_type=\"video.default\">\n\t\t\t\t<div class=\"elementor-widget-container\">\n\t\t\t\t\t\t\t<div class=\"elementor-wrapper elementor-open-inline\">\n\t\t\t<div class=\"elementor-video\"><\/div>\t\t<\/div>\n\t\t\t\t\t\t<\/div>\n\t\t\t\t<\/div>\n\t\t\t\t\t<\/div>\n\t\t<\/div>\n\t\t\t\t\t<\/div>\n\t\t<\/section>\n\t\t\t\t<section data-particle_enable=\"false\" data-particle-mobile-disabled=\"false\" class=\"elementor-section elementor-top-section elementor-element elementor-element-6787bf4a elementor-section-boxed elementor-section-height-default elementor-section-height-default\" data-id=\"6787bf4a\" data-element_type=\"section\" data-e-type=\"section\">\n\t\t\t\t\t\t<div class=\"elementor-container elementor-column-gap-default\">\n\t\t\t\t\t<div class=\"elementor-column elementor-col-100 elementor-top-column elementor-element elementor-element-6e5ea4f\" data-id=\"6e5ea4f\" data-element_type=\"column\" data-e-type=\"column\">\n\t\t\t<div class=\"elementor-widget-wrap elementor-element-populated\">\n\t\t\t\t\t\t<div class=\"elementor-element elementor-element-2acd5a8d elementor-widget elementor-widget-spacer\" data-id=\"2acd5a8d\" data-element_type=\"widget\" data-e-type=\"widget\" data-widget_type=\"spacer.default\">\n\t\t\t\t<div class=\"elementor-widget-container\">\n\t\t\t\t\t\t\t<div class=\"elementor-spacer\">\n\t\t\t<div class=\"elementor-spacer-inner\"><\/div>\n\t\t<\/div>\n\t\t\t\t\t\t<\/div>\n\t\t\t\t<\/div>\n\t\t\t\t\t<\/div>\n\t\t<\/div>\n\t\t\t\t\t<\/div>\n\t\t<\/section>\n\t\t\t\t<\/div>","protected":false},"excerpt":{"rendered":"<p>Funds TO WHICH FUNDS ARE THE DONATIONS ALLOCATED? GENERAL FUND: This fund directly supports our academic and dawah goals, projects and programs. It is the fund that benefits us the most, since this way we can use your donations where it is most needed. From this fund we support all our funds and campaigns. Waqf [&hellip;]<\/p>","protected":false},"author":1,"featured_media":0,"parent":0,"menu_order":0,"comment_status":"closed","ping_status":"closed","template":"elementor_header_footer","meta":{"give_campaign_id":0,"_eb_attr":"","footnotes":""},"class_list":["post-286","page","type-page","status-publish","hentry"],"campaignId":"","_hostinger_reach_plugin_has_subscription_block":false,"_hostinger_reach_plugin_is_elementor":false,"_links":{"self":[{"href":"https:\/\/donar.alandalusia.org\/fr\/wp-json\/wp\/v2\/pages\/286","targetHints":{"allow":["GET"]}}],"collection":[{"href":"https:\/\/donar.alandalusia.org\/fr\/wp-json\/wp\/v2\/pages"}],"about":[{"href":"https:\/\/donar.alandalusia.org\/fr\/wp-json\/wp\/v2\/types\/page"}],"author":[{"embeddable":true,"href":"https:\/\/donar.alandalusia.org\/fr\/wp-json\/wp\/v2\/users\/1"}],"replies":[{"embeddable":true,"href":"https:\/\/donar.alandalusia.org\/fr\/wp-json\/wp\/v2\/comments?post=286"}],"version-history":[{"count":0,"href":"https:\/\/donar.alandalusia.org\/fr\/wp-json\/wp\/v2\/pages\/286\/revisions"}],"wp:attachment":[{"href":"https:\/\/donar.alandalusia.org\/fr\/wp-json\/wp\/v2\/media?parent=286"}],"curies":[{"name":"wp","href":"https:\/\/api.w.org\/{rel}","templated":true}]}}